{"id":5182,"date":"2021-03-03T19:28:20","date_gmt":"2021-03-04T01:28:20","guid":{"rendered":"https:\/\/www.myuniversetravel.net\/?page_id=5182"},"modified":"2022-07-07T21:40:48","modified_gmt":"2022-07-08T03:40:48","slug":"refund-and-cancellation-policy","status":"publish","type":"page","link":"https:\/\/www.myuniversetravel.net\/es\/politica-de-reembolso-y-cancelacion\/","title":{"rendered":"Pol\u00edtica de reembolso y cancelaci\u00f3n"},"content":{"rendered":"<div data-elementor-type=\"wp-page\" data-elementor-id=\"5182\" class=\"elementor elementor-5182\" data-elementor-post-type=\"page\">\n\t\t\t\t\t\t<section class=\"elementor-section elementor-top-section elementor-element elementor-element-eb742ad elementor-section-boxed elementor-section-height-default elementor-section-height-default\" data-id=\"eb742ad\" data-element_type=\"section\" data-e-type=\"section\">\n\t\t\t\t\t\t<div class=\"elementor-container elementor-column-gap-default\">\n\t\t\t\t\t<div class=\"elementor-column elementor-col-100 elementor-top-column elementor-element elementor-element-20d2ff9\" data-id=\"20d2ff9\" data-element_type=\"column\" data-e-type=\"column\">\n\t\t\t<div class=\"elementor-widget-wrap elementor-element-populated\">\n\t\t\t\t\t\t<div class=\"elementor-element elementor-element-8938a49 elementor-widget elementor-widget-spacer\" data-id=\"8938a49\" data-element_type=\"widget\" data-e-type=\"widget\" data-widget_type=\"spacer.default\">\n\t\t\t\t<div class=\"elementor-widget-container\">\n\t\t\t\t\t\t\t<div class=\"elementor-spacer\">\n\t\t\t<div class=\"elementor-spacer-inner\"><\/div>\n\t\t<\/div>\n\t\t\t\t\t\t<\/div>\n\t\t\t\t<\/div>\n\t\t\t\t\t<\/div>\n\t\t<\/div>\n\t\t\t\t\t<\/div>\n\t\t<\/section>\n\t\t\t\t<section class=\"elementor-section elementor-top-section elementor-element elementor-element-e3ca773 elementor-section-boxed elementor-section-height-default elementor-section-height-default\" data-id=\"e3ca773\" data-element_type=\"section\" data-e-type=\"section\">\n\t\t\t\t\t\t<div class=\"elementor-container elementor-column-gap-default\">\n\t\t\t\t\t<div class=\"elementor-column elementor-col-100 elementor-top-column elementor-element elementor-element-44a3065\" data-id=\"44a3065\" data-element_type=\"column\" data-e-type=\"column\">\n\t\t\t<div class=\"elementor-widget-wrap elementor-element-populated\">\n\t\t\t\t\t\t<div class=\"elementor-element elementor-element-4ecca11 elementor-widget elementor-widget-text-editor\" data-id=\"4ecca11\" data-element_type=\"widget\" data-e-type=\"widget\" data-widget_type=\"text-editor.default\">\n\t\t\t\t<div class=\"elementor-widget-container\">\n\t\t\t\t\t\t\t\t\t<p>Si, como Viajero, cancela su reserva solicitada levantando un billete, si el Operador rechaza su solicitud de reserva por falta de disponibilidad, cancelar\u00e1 autom\u00e1ticamente cualquier preautorizaci\u00f3n en su tarjeta de cr\u00e9dito y\/o reembolsar\u00e1 cualquier importe nominal cargado en su tarjeta de cr\u00e9dito en relaci\u00f3n con la reserva solicitada en un plazo comercialmente razonable (10-15 d\u00edas laborables). Usted se compromete a pagar a MY UNIVERSE TRAVEL el dep\u00f3sito correspondiente a cualquier reserva solicitada en relaci\u00f3n con su cuenta de MY UNIVERSE TRAVEL si dichas reservas solicitadas son confirmadas por el operador. Una vez confirmada su reserva y habiendo recibido el acuse de recibo por correo electr\u00f3nico, lo que ha pagado no es reembolsable. Si la cancelaci\u00f3n se realiza dentro de los 31 d\u00edas anteriores a la salida, se perder\u00e1 el 100% de estos gastos. La cancelaci\u00f3n de los permisos supondr\u00e1 la p\u00e9rdida del 100% de los costes.<\/p><p>Neither MY UNIVERSE TRAVEL nor the operators selling their tours on www.myuniversetravel.net offer or pay any discount or refund for lost or unused services that were lost or unused by the traveler due to causes beyond the control of MY UNIVERSE TRAVEL, or the operators working with \u201cMY UNIVERSE TRAVEL\u201d, which shall include any termination of the traveler\u2019s participation in the tour due to their fault, negligence or breach of these Terms.<\/p><p>All complaints from the traveler about their tour experience will be passed to the tour operator\u2019s team for resolution. MY UNIVERSE TRAVEL is committed to working with tour operators to achieve a high level of service. However, if the tour operator\u2019s response time and\/or quality of response remains below acceptable time and quality despite us working together to rectify any issues, MY UNIVERSE TRAVEL reserves the right to remove the tour operator\u2019s tour listings from MY UNIVERSE TRAVEL.com\u2019s marketplace, affiliated websites, mobile apps and to remove any apps provided by us.<\/p><p>CIRCUNSTANCIAS IMPREVISTAS CANCELACIONES Y REEMBOLSOS POR PARTE DE LOS OPERADORES.<\/p><p>Si un operador cancela una reserva confirmada realizada a trav\u00e9s de los Servicios, MY UNIVERSE TRAVEL reembolsar\u00e1 cualquier pago de dicha reserva al viajero correspondiente en un plazo comercialmente razonable desde la cancelaci\u00f3n y el viajero podr\u00e1 recibir un correo electr\u00f3nico u otra comunicaci\u00f3n de MY UNIVERSE TRAVEL con listados alternativos y otra informaci\u00f3n relacionada. Si el viajero solicita una reserva de uno de los listados alternativos, se tratar\u00e1 como una nueva reserva de viaje en grupo. Si un operador cancela una reserva confirmada y usted, como viajero, no ha recibido un correo electr\u00f3nico u otra comunicaci\u00f3n de MI UNIVERSO TRAVEL, p\u00f3ngase en contacto con MI UNIVERSO TRAVEL en\u00a0<a style=\"color: #0052cc; font-family: -apple-system, BlinkMacSystemFont, 'Segoe UI', Roboto, 'Noto Sans', Ubuntu, 'Droid Sans', 'Helvetica Neue', sans-serif; font-size: 16px; letter-spacing: -0.08px; white-space: pre-wrap;\" title=\"mailto:gerencia@myuniversetravel.net\" href=\"mailto:gerencia@myuniversetravel.net\" data-renderer-mark=\"true\">gerencia@myuniversetravel.net<\/a>.<\/p><p>CANCELACI\u00d3N EN CASO DE INCLEMENCIAS DEL TIEMPO<\/p><p>Algunas excursiones pueden depender de las condiciones meteorol\u00f3gicas. No obstante lo anterior, en caso de inclemencias meteorol\u00f3gicas, el operador tiene la potestad de decidir si las condiciones meteorol\u00f3gicas impiden la realizaci\u00f3n del tour. Como operador, si necesita cancelar un viaje en grupo debido a las inclemencias del tiempo, deber\u00e1 ponerse en contacto con el viajero y con MY UNIVERSE TRAVEL en <span style=\"color: var( --e-global-color-text ); letter-spacing: 0px;\"><a href=\"mailto:info@myuniversetravel.net\" data-renderer-mark=\"true\">info@myuniversetravel.net<\/a> as soon as possible. With the traveler\u2019s consent, the operator and the traveler may choose to reschedule the group tour for another date. If the Group Tour cannot be rescheduled, as the traveler, please contact MY UNIVERSE TRAVEL for assistance in finding a replacement Group Tour that is not weather dependent. For clarity, if the alternative Group Tour is priced higher than the previous Group Tour, you may be responsible for any price difference. If the alternate Group Tour is lower priced, you may be entitled to a partial refund of the difference. As a traveler, if you have contacted MY UNIVERSE TRAVEL as above and MY UNIVERSE TRAVEL is unable to find you a replacement Group Tour, MY UNIVERSE TRAVEL may refund payment for such booking to the traveler within a commercially reasonable time of cancellation.<\/span><\/p><p>C\u00f3mo contactar con nosotros<\/p><p>Si tiene alguna otra pregunta o duda sobre estas pol\u00edticas, p\u00f3ngase en contacto con nosotros en<\/p><p>Tel\u00e9fono: (507) 432-0934<br \/>Direcci\u00f3n:\u00a0Col\u00f3n, Zona Libre de Col\u00f3n, Calle 14, Santa Isabel, Edificio Indeisa, Local 3. \u00a0<br \/>Email: <a href=\"mailto:info@myuniversetravel.net\" data-renderer-mark=\"true\">info@myuniversetravel.net<\/a><\/p>\t\t\t\t\t\t\t\t<\/div>\n\t\t\t\t<\/div>\n\t\t\t\t<div class=\"elementor-element elementor-element-71e1a63 elementor-widget elementor-widget-spacer\" data-id=\"71e1a63\" data-element_type=\"widget\" data-e-type=\"widget\" data-widget_type=\"spacer.default\">\n\t\t\t\t<div class=\"elementor-widget-container\">\n\t\t\t\t\t\t\t<div class=\"elementor-spacer\">\n\t\t\t<div class=\"elementor-spacer-inner\"><\/div>\n\t\t<\/div>\n\t\t\t\t\t\t<\/div>\n\t\t\t\t<\/div>\n\t\t\t\t<div class=\"elementor-element elementor-element-9d498f7 elementor-widget elementor-widget-spacer\" data-id=\"9d498f7\" data-element_type=\"widget\" data-e-type=\"widget\" data-widget_type=\"spacer.default\">\n\t\t\t\t<div class=\"elementor-widget-container\">\n\t\t\t\t\t\t\t<div class=\"elementor-spacer\">\n\t\t\t<div class=\"elementor-spacer-inner\"><\/div>\n\t\t<\/div>\n\t\t\t\t\t\t<\/div>\n\t\t\t\t<\/div>\n\t\t\t\t\t<\/div>\n\t\t<\/div>\n\t\t\t\t\t<\/div>\n\t\t<\/section>\n\t\t\t\t<\/div>","protected":false},"excerpt":{"rendered":"<p>If, as a Traveler, you cancel your requested reservation by raising a ticket, if the Operator rejects your reservation request due to unavailability, it will automatically cancel any pre-authorization to your credit card and\/or refund any nominal amount charged to your credit card in connection with the requested reservation within a commercially reasonable time (10-15<\/p>","protected":false},"author":14,"featured_media":0,"parent":0,"menu_order":0,"comment_status":"closed","ping_status":"closed","template":"","meta":{"footnotes":""},"class_list":["post-5182","page","type-page","status-publish","hentry"],"_links":{"self":[{"href":"https:\/\/www.myuniversetravel.net\/es\/wp-json\/wp\/v2\/pages\/5182","targetHints":{"allow":["GET"]}}],"collection":[{"href":"https:\/\/www.myuniversetravel.net\/es\/wp-json\/wp\/v2\/pages"}],"about":[{"href":"https:\/\/www.myuniversetravel.net\/es\/wp-json\/wp\/v2\/types\/page"}],"author":[{"embeddable":true,"href":"https:\/\/www.myuniversetravel.net\/es\/wp-json\/wp\/v2\/users\/14"}],"replies":[{"embeddable":true,"href":"https:\/\/www.myuniversetravel.net\/es\/wp-json\/wp\/v2\/comments?post=5182"}],"version-history":[{"count":5,"href":"https:\/\/www.myuniversetravel.net\/es\/wp-json\/wp\/v2\/pages\/5182\/revisions"}],"predecessor-version":[{"id":6019,"href":"https:\/\/www.myuniversetravel.net\/es\/wp-json\/wp\/v2\/pages\/5182\/revisions\/6019"}],"wp:attachment":[{"href":"https:\/\/www.myuniversetravel.net\/es\/wp-json\/wp\/v2\/media?parent=5182"}],"curies":[{"name":"wp","href":"https:\/\/api.w.org\/{rel}","templated":true}]}}