{"id":5168,"date":"2021-03-03T19:12:06","date_gmt":"2021-03-04T01:12:06","guid":{"rendered":"https:\/\/www.myuniversetravel.net\/?page_id=5168"},"modified":"2022-07-07T21:38:36","modified_gmt":"2022-07-08T03:38:36","slug":"privacy-policy","status":"publish","type":"page","link":"https:\/\/www.myuniversetravel.net\/es\/politica-de-privacidad\/","title":{"rendered":"Pol\u00edtica de privacidad"},"content":{"rendered":"<div data-elementor-type=\"wp-page\" data-elementor-id=\"5168\" class=\"elementor elementor-5168\" data-elementor-post-type=\"page\">\n\t\t\t\t\t\t<section class=\"elementor-section elementor-top-section elementor-element elementor-element-023d7c3 elementor-section-boxed elementor-section-height-default elementor-section-height-default\" data-id=\"023d7c3\" data-element_type=\"section\" data-e-type=\"section\">\n\t\t\t\t\t\t<div class=\"elementor-container elementor-column-gap-default\">\n\t\t\t\t\t<div class=\"elementor-column elementor-col-100 elementor-top-column elementor-element elementor-element-1212319\" data-id=\"1212319\" data-element_type=\"column\" data-e-type=\"column\">\n\t\t\t<div class=\"elementor-widget-wrap elementor-element-populated\">\n\t\t\t\t\t\t<div class=\"elementor-element elementor-element-2562e01 elementor-widget elementor-widget-spacer\" data-id=\"2562e01\" data-element_type=\"widget\" data-e-type=\"widget\" data-widget_type=\"spacer.default\">\n\t\t\t\t<div class=\"elementor-widget-container\">\n\t\t\t\t\t\t\t<div class=\"elementor-spacer\">\n\t\t\t<div class=\"elementor-spacer-inner\"><\/div>\n\t\t<\/div>\n\t\t\t\t\t\t<\/div>\n\t\t\t\t<\/div>\n\t\t\t\t\t<\/div>\n\t\t<\/div>\n\t\t\t\t\t<\/div>\n\t\t<\/section>\n\t\t\t\t<section class=\"elementor-section elementor-top-section elementor-element elementor-element-39a3d22 elementor-section-boxed elementor-section-height-default elementor-section-height-default\" data-id=\"39a3d22\" data-element_type=\"section\" data-e-type=\"section\">\n\t\t\t\t\t\t<div class=\"elementor-container elementor-column-gap-default\">\n\t\t\t\t\t<div class=\"elementor-column elementor-col-100 elementor-top-column elementor-element elementor-element-22f212c\" data-id=\"22f212c\" data-element_type=\"column\" data-e-type=\"column\">\n\t\t\t<div class=\"elementor-widget-wrap elementor-element-populated\">\n\t\t\t\t\t\t<div class=\"elementor-element elementor-element-9ac608f elementor-widget elementor-widget-text-editor\" data-id=\"9ac608f\" data-element_type=\"widget\" data-e-type=\"widget\" data-widget_type=\"text-editor.default\">\n\t\t\t\t<div class=\"elementor-widget-container\">\n\t\t\t\t\t\t\t\t\t<p>MY UNIVERSE TRAVEL valora su privacidad. Como tal, entendemos que comprar en l\u00ednea implica confianza por su parte. Nos tomamos muy en serio esa confianza y nuestra m\u00e1xima prioridad es garantizar que su informaci\u00f3n personal se mantenga en la m\u00e1s estricta confidencialidad.<\/p><p>MY UNIVERSE TRAVEL s\u00f3lo conserva la informaci\u00f3n que usted nos proporciona voluntariamente.<\/p><p>Utilizamos sus datos personales \u00fanicamente para responder y tramitar su solicitud de viaje.<\/p><p>S\u00f3lo compartiremos su informaci\u00f3n personal con proveedores autorizados que realicen funciones espec\u00edficas en nuestro nombre, seg\u00fan usted lo solicite.<\/p><p>No vendemos su informaci\u00f3n personal a terceros.<\/p><p>MY UNIVERSE TRAVEL le ofrece la posibilidad de elegir y controlar la recopilaci\u00f3n y el uso de su informaci\u00f3n personal. Puede actualizar, corregir o eliminar su informaci\u00f3n personal en cualquier momento.<\/p><p>Esta pol\u00edtica de privacidad est\u00e1 disponible en nuestra p\u00e1gina de inicio y en todos los puntos en los que se solicita informaci\u00f3n personal.<\/p><p>En MY UNIVERSE TRAVEL, nuestro objetivo es ofrecerle la mejor calidad de servicio, por lo que su llamada puede ser grabada.<\/p><p>La informaci\u00f3n que recogemos<\/p><p>Este aviso se aplica a toda la informaci\u00f3n recogida o enviada en el sitio web de MY UNIVERSE TRAVEL.\u00a0 En nuestros sitios web, usted puede comprar viajes, hacer solicitudes de viaje y registrarse para recibir ofertas de marketing. Los tipos de informaci\u00f3n personal que se recogen en nuestro sitio web son:<\/p><p>Nombre<\/p><p>Direcci\u00f3n<\/p><p>Direcci\u00f3n de correo electr\u00f3nico<\/p><p>N\u00famero de tel\u00e9fono<\/p><p>On some pages, you can submit information about other people. For example, if you wish to refer a friend to MY UNIVERSE TRAVEL, you will need to submit that individual\u2019s address. In this circumstance, the types of personal information collected are:<\/p><p>Nombre<\/p><p>Direcci\u00f3n<\/p><p>Direcci\u00f3n de correo electr\u00f3nico<\/p><p>N\u00famero de tel\u00e9fono<\/p><p>Informaci\u00f3n sobre el perfil del viajero<\/p><p>MY UNIVERSE TRAVEL recoge informaci\u00f3n personal en forma de perfil cuando se realiza una reserva. Adem\u00e1s de la informaci\u00f3n personal, tambi\u00e9n podemos recopilar preferencias personales como solicitudes de asiento, solicitudes de comidas especiales, programas de viajero frecuente y n\u00fameros de socio.<\/p><p>Si est\u00e1 comprando un viaje para otra persona que no sea usted o para alguien que le acompa\u00f1e en un viaje comprado a trav\u00e9s de MI UNIVERSO VIAJE, tambi\u00e9n podemos recopilar informaci\u00f3n personal sobre esa persona. Le rogamos que obtenga el consentimiento de otras personas antes de facilitar a MI UNIVERSO TRAVEL sus datos personales.<\/p><p>C\u00f3mo utilizamos la informaci\u00f3n<\/p><p>Utilizamos la informaci\u00f3n que usted nos proporciona al hacer una reserva de viaje s\u00f3lo para completar su pedido. No compartimos esta informaci\u00f3n con terceros, salvo en la medida necesaria para completar ese pedido.<\/p><p>Utilizamos la informaci\u00f3n que usted proporciona sobre otra persona al hacer un pedido s\u00f3lo para confirmar una reserva y confirmar la entrega. No compartimos esta informaci\u00f3n con terceros, salvo en la medida necesaria para completar su solicitud de viaje.<\/p><p>Utilizamos las direcciones de correo electr\u00f3nico de retorno para responder al correo electr\u00f3nico que recibimos. Dichas direcciones no se utilizan para ning\u00fan otro fin y no se comparten con terceros.<\/p><p>Por \u00faltimo, nunca utilizamos ni compartimos la informaci\u00f3n personal identificable que nos proporciona en l\u00ednea de formas no relacionadas con las descritas anteriormente, sino que tambi\u00e9n le proporcionamos la oportunidad de excluirse o prohibir de otro modo dichos usos no relacionados.<\/p><p>Nuestro compromiso con la seguridad de los datos<\/p><p>Para evitar el acceso no autorizado, mantener la exactitud de los datos y garantizar el uso correcto de la informaci\u00f3n, hemos establecido procedimientos f\u00edsicos, electr\u00f3nicos y de gesti\u00f3n adecuados para salvaguardar y asegurar la informaci\u00f3n que recopilamos en l\u00ednea.<\/p><p>Ni\u00f1os<\/p><p>Any minors (under the age of 18) are not eligible to register for or use the services of this Web site. We encourage parents to play a central role in their children\u2019s online activities and should monitor the sites visited to ensure the protection of their child\u2019s privacy.<\/p><p>Otros sitios web enlazados<\/p><p>Este sitio web puede estar vinculado a otros sitios web; si usted se conecta a otro sitio web, abandonar\u00e1 este sitio y esta pol\u00edtica no se aplicar\u00e1 a su uso y actividades en esos sitios web. Le recomendamos que lea la informaci\u00f3n legal publicada en esos otros sitios web, incluidas sus pol\u00edticas de privacidad. No somos responsables de sus visitas de recogida de datos o de las pr\u00e1cticas de uso de esos sitios web.<\/p><p>Cookies<\/p><p>Also, this site uses \u201ccookies\u201d on certain pages of our website for a variety of useful purposes. Cookies automatically collect information from a visitor to a Web site and transfer this information to the visitor\u2019s hard drive. Cookies can also help us recognize you as a repeat visitor, so that we can communicate a personalized welcome message and tailor content to match your particular interests. Since cookies are always stored on your hard drive, you are always free to set your browser to refuse cookies and you can delete them from your computer. If you do so, you will still be able to access our website, but you may find that some areas do not function smoothly. We reserve the right to use \u201ccookies\u201d in managing information and tracking on its website, which is a typical methodology used in e-commerce and Internet applications.<\/p><p>Aceptaci\u00f3n de las condiciones de uso<\/p><p>El uso de este sitio est\u00e1 sujeto a ciertas condiciones de uso, que constituyen un acuerdo legal entre usted y el nombre de la empresa. Al utilizar este sitio, usted reconoce que ha le\u00eddo, comprendido y aceptado las condiciones de uso y la pol\u00edtica de privacidad. Por favor, rev\u00edselas; y si no est\u00e1 de acuerdo con los t\u00e9rminos, no utilice este sitio.<\/p><p>Acceso a la informaci\u00f3n personal<\/p><p>MY UNIVERSE TRAVEL le ofrece la posibilidad de optar por no recibir nuestras comunicaciones por correo electr\u00f3nico. Para optar por no recibir comunicaciones por correo electr\u00f3nico, puede modificar su informaci\u00f3n de usuario registrado en nuestro sitio web; o enviar un correo electr\u00f3nico a: <a class=\"sc-RmnOB dYykdU\" title=\"mailto:gerencia@myuniversetravel.net\" href=\"mailto:gerencia@myuniversetravel.net\" data-renderer-mark=\"true\">gerencia@myuniversetravel.net<\/a>.<\/p><p>Cambios en la pol\u00edtica de privacidad de MY UNIVERSE TRAVEL<\/p><p>MY UNIVERSE TRAVEL se reserva el derecho a modificar o enmendar esta pol\u00edtica de privacidad en cualquier momento y por cualquier motivo. Si los cambios son de car\u00e1cter material, MY UNIVERSE TRAVEL mostrar\u00e1 de forma destacada dichos cambios antes de implementarlos.<\/p><p>C\u00f3mo contactar con nosotros<\/p><p>Si tiene otras preguntas o dudas sobre estas pol\u00edticas de privacidad, p\u00f3ngase en contacto con nosotros.<\/p><p>Tel\u00e9fono: (507) 432-0934<br \/>Direcci\u00f3n: Col\u00f3n, Zona Libre de Col\u00f3n, Calle 14, Santa Isabel, Edificio Indeisa, Local 4.<br \/>Email: <a href=\"mailto:info@myuniversetravel.net\" data-renderer-mark=\"true\">info@myuniversetravel.net<\/a><\/p>\t\t\t\t\t\t\t\t<\/div>\n\t\t\t\t<\/div>\n\t\t\t\t<div class=\"elementor-element elementor-element-97a1720 elementor-widget elementor-widget-spacer\" data-id=\"97a1720\" data-element_type=\"widget\" data-e-type=\"widget\" data-widget_type=\"spacer.default\">\n\t\t\t\t<div class=\"elementor-widget-container\">\n\t\t\t\t\t\t\t<div class=\"elementor-spacer\">\n\t\t\t<div class=\"elementor-spacer-inner\"><\/div>\n\t\t<\/div>\n\t\t\t\t\t\t<\/div>\n\t\t\t\t<\/div>\n\t\t\t\t<div class=\"elementor-element elementor-element-d6187d9 elementor-widget elementor-widget-spacer\" data-id=\"d6187d9\" data-element_type=\"widget\" data-e-type=\"widget\" data-widget_type=\"spacer.default\">\n\t\t\t\t<div class=\"elementor-widget-container\">\n\t\t\t\t\t\t\t<div class=\"elementor-spacer\">\n\t\t\t<div class=\"elementor-spacer-inner\"><\/div>\n\t\t<\/div>\n\t\t\t\t\t\t<\/div>\n\t\t\t\t<\/div>\n\t\t\t\t\t<\/div>\n\t\t<\/div>\n\t\t\t\t\t<\/div>\n\t\t<\/section>\n\t\t\t\t<\/div>","protected":false},"excerpt":{"rendered":"<p>MY UNIVERSE TRAVEL values your privacy. As such, we understand that shopping online involves trust on your part. We take that trust seriously and make it our highest priority to ensure that your personal information is held in the strictest confidence. MY UNIVERSE TRAVEL only retains information that you voluntarily give us. We use your<\/p>","protected":false},"author":14,"featured_media":0,"parent":0,"menu_order":0,"comment_status":"closed","ping_status":"closed","template":"","meta":{"footnotes":""},"class_list":["post-5168","page","type-page","status-publish","hentry"],"_links":{"self":[{"href":"https:\/\/www.myuniversetravel.net\/es\/wp-json\/wp\/v2\/pages\/5168","targetHints":{"allow":["GET"]}}],"collection":[{"href":"https:\/\/www.myuniversetravel.net\/es\/wp-json\/wp\/v2\/pages"}],"about":[{"href":"https:\/\/www.myuniversetravel.net\/es\/wp-json\/wp\/v2\/types\/page"}],"author":[{"embeddable":true,"href":"https:\/\/www.myuniversetravel.net\/es\/wp-json\/wp\/v2\/users\/14"}],"replies":[{"embeddable":true,"href":"https:\/\/www.myuniversetravel.net\/es\/wp-json\/wp\/v2\/comments?post=5168"}],"version-history":[{"count":5,"href":"https:\/\/www.myuniversetravel.net\/es\/wp-json\/wp\/v2\/pages\/5168\/revisions"}],"predecessor-version":[{"id":6016,"href":"https:\/\/www.myuniversetravel.net\/es\/wp-json\/wp\/v2\/pages\/5168\/revisions\/6016"}],"wp:attachment":[{"href":"https:\/\/www.myuniversetravel.net\/es\/wp-json\/wp\/v2\/media?parent=5168"}],"curies":[{"name":"wp","href":"https:\/\/api.w.org\/{rel}","templated":true}]}}